{"id":10,"date":"2013-11-14T19:07:58","date_gmt":"2013-11-14T19:07:58","guid":{"rendered":"http:\/\/mdj4f.ca\/?page_id=10"},"modified":"2024-04-18T20:30:53","modified_gmt":"2024-04-18T20:30:53","slug":"nous-joindre","status":"publish","type":"page","link":"https:\/\/mdj4f.ca\/?page_id=10","title":{"rendered":"Nous joindre"},"content":{"rendered":"<p><strong>Adresse postale :<\/strong><\/p>\n<p>C.P. 85007 CSP St-Hilaire, Mont-Saint-Hilaire, J3H 5W1.<\/p>\n<p>\u00a0<\/p>\n\n\n<p><\/p>\n\n\n\n<p><strong>Si\u00e8ge social<\/strong> <strong>et<\/strong> <strong>Maison des jeunes de Mont-Saint-Hilaire<\/strong><\/p>\n\n\n\n<p>450 464-8224<\/p>\n\n\n\n<p>100 Rue Michel, Mont-Saint-Hilaire, QC J3H 3R4<\/p>\n\n\n\n<p><\/p>\n\n\n\n<p><strong>Maison des jeunes de Beloeil:<\/strong><\/p>\n\n\n\n<p>450 536-9096<\/p>\n\n\n\n<p>1060 Rue Saint-Joseph, Beloeil, QC J3G 6C6<\/p>\n\n\n\n<hr class=\"wp-block-separator has-alpha-channel-opacity\"\/>\n\n\n\n<p><strong>Adresses courriel:<\/strong><\/p>\n\n\n\n<ul class=\"wp-block-list\">\n<li><a href=\"mailto:direction@mdj4f.ca\">Direction<\/a><\/li>\n\n\n\n<li><a href=\"mailto:coordo@mdj4f.ca\">Coordination et activit\u00e9s<\/a><\/li>\n<\/ul>\n\n\n\n<hr class=\"wp-block-separator has-alpha-channel-opacity\"\/>\n\n\n\n<p><strong>Loi 25 sur la protection des renseignements personnel(s)<\/strong><\/p>\n\n\n\n<p>La personne responsable des renseignements personnel(s) est le directeur g\u00e9n\u00e9ral de la Maison des Jeunes des Quatre Fen\u00eatres, aux coordonn\u00e9es courriel : direction@mdj4f et au t\u00e9l\u00e9phone : 450-464-8224<\/p>\n\n\n\n<p><\/p>\n","protected":false},"excerpt":{"rendered":"<p>Adresse postale : C.P. 85007 CSP St-Hilaire, Mont-Saint-Hilaire, J3H 5W1. \u00a0 Si\u00e8ge social et Maison des jeunes de Mont-Saint-Hilaire 450 464-8224 100 Rue Michel, Mont-Saint-Hilaire, QC J3H 3R4 Maison des jeunes de Beloeil: 450 536-9096 1060 Rue Saint-Joseph, Beloeil, QC J3G 6C6 Adresses courriel: Loi 25 sur la protection des renseignements personnel(s) La personne responsable [&hellip;]<\/p>\n","protected":false},"author":1,"featured_media":0,"parent":0,"menu_order":0,"comment_status":"closed","ping_status":"open","template":"","meta":{"footnotes":""},"class_list":["post-10","page","type-page","status-publish","hentry"],"_links":{"self":[{"href":"https:\/\/mdj4f.ca\/index.php?rest_route=\/wp\/v2\/pages\/10","targetHints":{"allow":["GET"]}}],"collection":[{"href":"https:\/\/mdj4f.ca\/index.php?rest_route=\/wp\/v2\/pages"}],"about":[{"href":"https:\/\/mdj4f.ca\/index.php?rest_route=\/wp\/v2\/types\/page"}],"author":[{"embeddable":true,"href":"https:\/\/mdj4f.ca\/index.php?rest_route=\/wp\/v2\/users\/1"}],"replies":[{"embeddable":true,"href":"https:\/\/mdj4f.ca\/index.php?rest_route=%2Fwp%2Fv2%2Fcomments&post=10"}],"version-history":[{"count":39,"href":"https:\/\/mdj4f.ca\/index.php?rest_route=\/wp\/v2\/pages\/10\/revisions"}],"predecessor-version":[{"id":1340,"href":"https:\/\/mdj4f.ca\/index.php?rest_route=\/wp\/v2\/pages\/10\/revisions\/1340"}],"wp:attachment":[{"href":"https:\/\/mdj4f.ca\/index.php?rest_route=%2Fwp%2Fv2%2Fmedia&parent=10"}],"curies":[{"name":"wp","href":"https:\/\/api.w.org\/{rel}","templated":true}]}}