{"id":121,"date":"2013-11-14T22:48:58","date_gmt":"2013-11-14T22:48:58","guid":{"rendered":"http:\/\/mdj4f.ca\/?page_id=121"},"modified":"2020-06-30T03:34:42","modified_gmt":"2020-06-30T03:34:42","slug":"mission-2","status":"publish","type":"page","link":"https:\/\/mdj4f.ca\/?page_id=121","title":{"rendered":"Mission"},"content":{"rendered":"<ul>\n<li>Contribuer au bien-\u00eatre des adolescents de 12 \u00e0 17 ans en leur offrant un lieu de rencontre et\/ou des services d\u2019aide et de support.<\/li>\n<li>Rendre l\u2019adolescent actif, critique et responsable dans sa communaut\u00e9, tout en partageant des valeurs de respect de soi, des autres et de l\u2019environnement.<\/li>\n<li>Favoriser la compr\u00e9hension de la population en g\u00e9n\u00e9ral aux r\u00e9alit\u00e9s v\u00e9cues par les jeunes et \u00e0 la mission de la MDJ.<\/li>\n<\/ul>\n<h3>Nos valeurs:<\/h3>\n<ul>\n<li>En tant qu&rsquo;organisme d\u00e9vou\u00e9 \u00e0 la jeunesse, nous encourageons la prise en charge et nous participons au d\u00e9veloppement du potentiel de chacun. Nous souhaitons que chacun prenne place au sein de la communaut\u00e9, d\u2019une fa\u00e7on saine et active. Nos grandes valeurs sont le respect, la valorisation, l&rsquo;ouverture d&rsquo;esprit et l&rsquo;int\u00e9grit\u00e9.<\/li>\n<\/ul>\n<h3>Les moyens:<\/h3>\n<ul>\n<li>Offrir aux jeunes des activit\u00e9s de pr\u00e9vention et de sensibilisation;<\/li>\n<li>Offrir aux jeunes des activit\u00e9s sportives, artistiques et culturelles;<\/li>\n<li>Int\u00e9grer les jeunes dans le processus organisationnel de plusieurs activit\u00e9s;<\/li>\n<li>Faire conna\u00eetre et faire vivre aux jeunes le processus\u00a0 d\u00e9mocratique;<\/li>\n<li>Int\u00e9grer les jeunes dans leur communaut\u00e9 par le biais d\u2019activit\u00e9s diverses et interg\u00e9n\u00e9rationnelles;<\/li>\n<li>Respecter un code de vie;<\/li>\n<li>Encadrer les jeunes par le biais d\u2019une \u00e9quipe dynamique d\u2019animateurs et offrir un lieu dynamique, actif et valorisant;<\/li>\n<li>Offrir \u00e9coute et r\u00e9f\u00e9rence au besoin;<\/li>\n<li>Favoriser le d\u00e9veloppement d\u2019habilet\u00e9s chez les jeunes, susciter des int\u00e9r\u00eats et \u00e9veiller de nouvelles passions;<\/li>\n<li>Permettre les \u00e9changes entre jeunes et favoriser une bonne communication;<\/li>\n<li>Mettre en valeur l\u2019implication des jeunes et leurs r\u00e9ussites dans la communaut\u00e9.<\/li>\n<\/ul>\n","protected":false},"excerpt":{"rendered":"<p>Contribuer au bien-\u00eatre des adolescents de 12 \u00e0 17 ans en leur offrant un lieu de rencontre et\/ou des services d\u2019aide et de support. Rendre l\u2019adolescent actif, critique et responsable dans sa communaut\u00e9, tout en partageant des valeurs de respect de soi, des autres et de l\u2019environnement. Favoriser la compr\u00e9hension de la population en g\u00e9n\u00e9ral [&hellip;]<\/p>\n","protected":false},"author":1,"featured_media":0,"parent":0,"menu_order":0,"comment_status":"closed","ping_status":"open","template":"","meta":{"footnotes":""},"class_list":["post-121","page","type-page","status-publish","hentry"],"_links":{"self":[{"href":"https:\/\/mdj4f.ca\/index.php?rest_route=\/wp\/v2\/pages\/121","targetHints":{"allow":["GET"]}}],"collection":[{"href":"https:\/\/mdj4f.ca\/index.php?rest_route=\/wp\/v2\/pages"}],"about":[{"href":"https:\/\/mdj4f.ca\/index.php?rest_route=\/wp\/v2\/types\/page"}],"author":[{"embeddable":true,"href":"https:\/\/mdj4f.ca\/index.php?rest_route=\/wp\/v2\/users\/1"}],"replies":[{"embeddable":true,"href":"https:\/\/mdj4f.ca\/index.php?rest_route=%2Fwp%2Fv2%2Fcomments&post=121"}],"version-history":[{"count":12,"href":"https:\/\/mdj4f.ca\/index.php?rest_route=\/wp\/v2\/pages\/121\/revisions"}],"predecessor-version":[{"id":1148,"href":"https:\/\/mdj4f.ca\/index.php?rest_route=\/wp\/v2\/pages\/121\/revisions\/1148"}],"wp:attachment":[{"href":"https:\/\/mdj4f.ca\/index.php?rest_route=%2Fwp%2Fv2%2Fmedia&parent=121"}],"curies":[{"name":"wp","href":"https:\/\/api.w.org\/{rel}","templated":true}]}}