{"id":1283,"date":"2022-11-28T20:52:50","date_gmt":"2022-11-28T20:52:50","guid":{"rendered":"http:\/\/mdj4f.ca\/?page_id=1283"},"modified":"2024-04-18T20:41:45","modified_gmt":"2024-04-18T20:41:45","slug":"offre-demploi","status":"publish","type":"page","link":"https:\/\/mdj4f.ca\/?page_id=1283","title":{"rendered":"Offre d&#8217;emploi"},"content":{"rendered":"\n<p class=\"has-text-align-center\"><strong>Notre \u00e9quipe est pr\u00e9sentement compl\u00e8te! <\/strong><\/p>\n\n\n\n<p class=\"has-text-align-center\">Merci de votre int\u00e9r\u00eat. <\/p>\n\n\n\n<figure class=\"wp-block-image size-full is-resized\"><a href=\"https:\/\/mdj4f.ca\/wp-content\/uploads\/2022\/11\/Logo-2020.png\"><img loading=\"lazy\" decoding=\"async\" width=\"600\" height=\"673\" src=\"https:\/\/mdj4f.ca\/wp-content\/uploads\/2022\/11\/Logo-2020.png\" alt=\"\" class=\"wp-image-1284\" style=\"aspect-ratio:0.8930232558139535;width:609px;height:auto\" srcset=\"https:\/\/mdj4f.ca\/wp-content\/uploads\/2022\/11\/Logo-2020.png 600w, https:\/\/mdj4f.ca\/wp-content\/uploads\/2022\/11\/Logo-2020-267x300.png 267w\" sizes=\"auto, (max-width: 600px) 100vw, 600px\" \/><\/a><\/figure>\n\n\n\n<h1 class=\"wp-block-heading\">&nbsp;<\/h1>\n\n\n\n<p><\/p>\n","protected":false},"excerpt":{"rendered":"<p>Notre \u00e9quipe est pr\u00e9sentement compl\u00e8te! Merci de votre int\u00e9r\u00eat. &nbsp;<\/p>\n","protected":false},"author":1,"featured_media":0,"parent":0,"menu_order":1,"comment_status":"closed","ping_status":"closed","template":"","meta":{"footnotes":""},"class_list":["post-1283","page","type-page","status-publish","hentry"],"_links":{"self":[{"href":"https:\/\/mdj4f.ca\/index.php?rest_route=\/wp\/v2\/pages\/1283","targetHints":{"allow":["GET"]}}],"collection":[{"href":"https:\/\/mdj4f.ca\/index.php?rest_route=\/wp\/v2\/pages"}],"about":[{"href":"https:\/\/mdj4f.ca\/index.php?rest_route=\/wp\/v2\/types\/page"}],"author":[{"embeddable":true,"href":"https:\/\/mdj4f.ca\/index.php?rest_route=\/wp\/v2\/users\/1"}],"replies":[{"embeddable":true,"href":"https:\/\/mdj4f.ca\/index.php?rest_route=%2Fwp%2Fv2%2Fcomments&post=1283"}],"version-history":[{"count":4,"href":"https:\/\/mdj4f.ca\/index.php?rest_route=\/wp\/v2\/pages\/1283\/revisions"}],"predecessor-version":[{"id":1349,"href":"https:\/\/mdj4f.ca\/index.php?rest_route=\/wp\/v2\/pages\/1283\/revisions\/1349"}],"wp:attachment":[{"href":"https:\/\/mdj4f.ca\/index.php?rest_route=%2Fwp%2Fv2%2Fmedia&parent=1283"}],"curies":[{"name":"wp","href":"https:\/\/api.w.org\/{rel}","templated":true}]}}