{"id":1429,"date":"2025-05-13T15:04:49","date_gmt":"2025-05-13T15:04:49","guid":{"rendered":"https:\/\/mdj4f.ca\/?page_id=1429"},"modified":"2025-05-13T15:04:49","modified_gmt":"2025-05-13T15:04:49","slug":"politique-de-confidentialite","status":"publish","type":"page","link":"https:\/\/mdj4f.ca\/?page_id=1429","title":{"rendered":"Politique de confidentialit\u00e9"},"content":{"rendered":"\n<h2 class=\"wp-block-heading\">Politique de confidentialit\u00e9<\/h2>\n\n\n\n<p>Nous vous remercions de visiter notre site web. Votre vie priv\u00e9e est essentielle pour nous et nous nous engageons \u00e0 prot\u00e9ger les informations personnelles que vous nous fournissez. Cette politique de confidentialit\u00e9 vise \u00e0 vous informer sur la mani\u00e8re dont nous collectons, utilisons, divulguons et prot\u00e9geons vos informations personnelles.<br><br><br>Collecte de donn\u00e9es personnelles<br><br>Nous pouvons collecter des informations personnelles vous concernant lorsque vous interagissez avec notre site web, notamment lorsque vous vous inscrivez \u00e0 une activit\u00e9, remplissez un formulaire, effectuez un achat sur Zeffy ou communiquez avec nous. Les informations personnelles que nous pourrions collecter peuvent inclure, sans s\u2019y limiter, votre nom, votre adresse courriel, votre adresse postale, votre num\u00e9ro de t\u00e9l\u00e9phone, etc.<br><br><br>Utilisation des donn\u00e9es personnelles<br><br>Nous utilisons les informations personnelles que vous nous fournissez dans le but de r\u00e9pondre \u00e0 vos demandes, de vous fournir les services que vous avez demand\u00e9s, de g\u00e9rer votre compte si vous en avez un, de vous envoyer des communications marketing si vous y avez consenti, et de vous informer des mises \u00e0 jour et des nouvelles pertinentes concernant nos produits ou services.<br><br><br>Partage des donn\u00e9es personnelles<br><br>Nous ne vendons pas, n\u2019\u00e9changeons pas et ne louons pas vos informations personnelles \u00e0 des tiers sans votre consentement expr\u00e8s.<br><br><br>Conservation des donn\u00e9es personnelles<br><br>Nous ne conserverons vos informations personnelles que pendant la dur\u00e9e n\u00e9cessaire aux fins pour lesquelles elles ont \u00e9t\u00e9 collect\u00e9es, ou comme l\u2019exige la loi. Lorsque nous n\u2019avons plus besoin de ces informations, nous les supprimerons de mani\u00e8re s\u00e9curis\u00e9e.<br><br><br>S\u00e9curit\u00e9 des donn\u00e9es personnelles<br><br>Nous prenons des mesures de s\u00e9curit\u00e9 raisonnables pour prot\u00e9ger vos informations personnelles contre la perte, l\u2019utilisation abusive et l\u2019acc\u00e8s non autoris\u00e9. Cependant, veuillez noter qu\u2019aucune m\u00e9thode de transmission ou de stockage \u00e9lectronique n\u2019est totalement s\u00e9curis\u00e9e, et nous ne pouvons garantir une s\u00e9curit\u00e9 absolue.<br><br><br>Vos droits en mati\u00e8re de protection des donn\u00e9es<br><br>Conform\u00e9ment \u00e0 la loi 25 du Qu\u00e9bec, vous avez le droit d\u2019acc\u00e9der \u00e0 vos informations personnelles que nous d\u00e9tenons, de les corriger, de les mettre \u00e0 jour ou de les supprimer. Vous pouvez \u00e9galement retirer votre consentement pour le traitement de vos informations personnelles \u00e0 tout moment en nous contactant \u00e0 \u00a0direction@mdj4f.ca\u00a0 ou au 450-464-8224.<br><br><br>Modifications de la politique de confidentialit\u00e9<br><br>Nous nous r\u00e9servons le droit de modifier cette politique de confidentialit\u00e9 \u00e0 tout moment. Toute modification sera affich\u00e9e sur cette page avec une date d\u2019entr\u00e9e en vigueur mise \u00e0 jour.<br><br><br>Nous contacter<br><br>Si vous avez des questions, des pr\u00e9occupations ou des demandes concernant cette politique de confidentialit\u00e9 ou nos pratiques en mati\u00e8re de protection des donn\u00e9es, veuillez nous contacter \u00e0 \u00a0direction@mdj4f.ca ou au 450-464-8224.<\/p>\n\n\n\n<p>Francis Lafortune, directeur g\u00e9n\u00e9ral.<\/p>\n","protected":false},"excerpt":{"rendered":"<p>Politique de confidentialit\u00e9 Nous vous remercions de visiter notre site web. Votre vie priv\u00e9e est essentielle pour nous et nous nous engageons \u00e0 prot\u00e9ger les informations personnelles que vous nous fournissez. Cette politique de confidentialit\u00e9 vise \u00e0 vous informer sur la mani\u00e8re dont nous collectons, utilisons, divulguons et prot\u00e9geons vos informations personnelles. Collecte de donn\u00e9es [&hellip;]<\/p>\n","protected":false},"author":1,"featured_media":0,"parent":0,"menu_order":0,"comment_status":"closed","ping_status":"closed","template":"","meta":{"footnotes":""},"class_list":["post-1429","page","type-page","status-publish","hentry"],"_links":{"self":[{"href":"https:\/\/mdj4f.ca\/index.php?rest_route=\/wp\/v2\/pages\/1429","targetHints":{"allow":["GET"]}}],"collection":[{"href":"https:\/\/mdj4f.ca\/index.php?rest_route=\/wp\/v2\/pages"}],"about":[{"href":"https:\/\/mdj4f.ca\/index.php?rest_route=\/wp\/v2\/types\/page"}],"author":[{"embeddable":true,"href":"https:\/\/mdj4f.ca\/index.php?rest_route=\/wp\/v2\/users\/1"}],"replies":[{"embeddable":true,"href":"https:\/\/mdj4f.ca\/index.php?rest_route=%2Fwp%2Fv2%2Fcomments&post=1429"}],"version-history":[{"count":1,"href":"https:\/\/mdj4f.ca\/index.php?rest_route=\/wp\/v2\/pages\/1429\/revisions"}],"predecessor-version":[{"id":1430,"href":"https:\/\/mdj4f.ca\/index.php?rest_route=\/wp\/v2\/pages\/1429\/revisions\/1430"}],"wp:attachment":[{"href":"https:\/\/mdj4f.ca\/index.php?rest_route=%2Fwp%2Fv2%2Fmedia&parent=1429"}],"curies":[{"name":"wp","href":"https:\/\/api.w.org\/{rel}","templated":true}]}}