{"id":77,"date":"2013-11-14T22:39:50","date_gmt":"2013-11-14T22:39:50","guid":{"rendered":"http:\/\/mdj4f.ca\/?page_id=77"},"modified":"2025-10-03T19:16:18","modified_gmt":"2025-10-03T19:16:18","slug":"conseil-dadministration","status":"publish","type":"page","link":"https:\/\/mdj4f.ca\/?page_id=77","title":{"rendered":"Conseil d&rsquo;administration"},"content":{"rendered":"<p>Notre conseil d&rsquo;administration 2024-2025 :<\/p>\n<ul>\n<li>Simon Pelchat, pr\u00e9sident<\/li>\n<li>Louis-Carl Leduc, tr\u00e9sorier<\/li>\n<li>Julien Tardif, secr\u00e9taire<\/li>\n<li>Olivier Lambert, administrateur<\/li>\n<li>Nadia Chouinard, administratrice<\/li>\n<li>Mariam de Crombrugghe, administratrice<\/li>\n<\/ul>\n\n\n<figure class=\"wp-block-image size-large\"><a href=\"https:\/\/mdj4f.ca\/wp-content\/uploads\/2025\/05\/CA2024-2025-scaled.jpg\"><img loading=\"lazy\" decoding=\"async\" width=\"1024\" height=\"600\" src=\"https:\/\/mdj4f.ca\/wp-content\/uploads\/2025\/05\/CA2024-2025-1024x600.jpg\" alt=\"\" class=\"wp-image-1424\" srcset=\"https:\/\/mdj4f.ca\/wp-content\/uploads\/2025\/05\/CA2024-2025-1024x600.jpg 1024w, https:\/\/mdj4f.ca\/wp-content\/uploads\/2025\/05\/CA2024-2025-300x176.jpg 300w, https:\/\/mdj4f.ca\/wp-content\/uploads\/2025\/05\/CA2024-2025-768x450.jpg 768w, https:\/\/mdj4f.ca\/wp-content\/uploads\/2025\/05\/CA2024-2025-1536x900.jpg 1536w, https:\/\/mdj4f.ca\/wp-content\/uploads\/2025\/05\/CA2024-2025-2048x1200.jpg 2048w, https:\/\/mdj4f.ca\/wp-content\/uploads\/2025\/05\/CA2024-2025-1200x703.jpg 1200w, https:\/\/mdj4f.ca\/wp-content\/uploads\/2025\/05\/CA2024-2025-1980x1160.jpg 1980w\" sizes=\"auto, (max-width: 1024px) 100vw, 1024px\" \/><\/a><\/figure>\n","protected":false},"excerpt":{"rendered":"<p>Notre conseil d&rsquo;administration 2024-2025 : Simon Pelchat, pr\u00e9sident Louis-Carl Leduc, tr\u00e9sorier Julien Tardif, secr\u00e9taire Olivier Lambert, administrateur Nadia Chouinard, administratrice Mariam de Crombrugghe, administratrice<\/p>\n","protected":false},"author":1,"featured_media":0,"parent":0,"menu_order":0,"comment_status":"closed","ping_status":"closed","template":"","meta":{"footnotes":""},"class_list":["post-77","page","type-page","status-publish","hentry"],"_links":{"self":[{"href":"https:\/\/mdj4f.ca\/index.php?rest_route=\/wp\/v2\/pages\/77","targetHints":{"allow":["GET"]}}],"collection":[{"href":"https:\/\/mdj4f.ca\/index.php?rest_route=\/wp\/v2\/pages"}],"about":[{"href":"https:\/\/mdj4f.ca\/index.php?rest_route=\/wp\/v2\/types\/page"}],"author":[{"embeddable":true,"href":"https:\/\/mdj4f.ca\/index.php?rest_route=\/wp\/v2\/users\/1"}],"replies":[{"embeddable":true,"href":"https:\/\/mdj4f.ca\/index.php?rest_route=%2Fwp%2Fv2%2Fcomments&post=77"}],"version-history":[{"count":21,"href":"https:\/\/mdj4f.ca\/index.php?rest_route=\/wp\/v2\/pages\/77\/revisions"}],"predecessor-version":[{"id":1461,"href":"https:\/\/mdj4f.ca\/index.php?rest_route=\/wp\/v2\/pages\/77\/revisions\/1461"}],"wp:attachment":[{"href":"https:\/\/mdj4f.ca\/index.php?rest_route=%2Fwp%2Fv2%2Fmedia&parent=77"}],"curies":[{"name":"wp","href":"https:\/\/api.w.org\/{rel}","templated":true}]}}